{"id":31,"date":"2021-04-10T07:18:38","date_gmt":"2021-04-10T05:18:38","guid":{"rendered":"http:\/\/kalipose.com\/index.php\/materialis\/"},"modified":"2021-12-02T22:18:29","modified_gmt":"2021-12-02T21:18:29","slug":"materialis","status":"publish","type":"page","link":"https:\/\/kalipose.com\/","title":{"rendered":"Accueil"},"content":{"rendered":"<div  id=\"overlappable-8\" style=\"background-color: #f5fafd;\" data-label=\"Overlappable\" data-id=\"overlappable-5-materialis\" data-export-id=\"overlappable-5-materialis\" data-category=\"overlappable\" class=\"overlappable-5-materialis content-section content-section-spacing-large\" data-overlap=\"true\"><div  class=\"gridContainer\"> <div  data-type=\"row\" class=\"row spaced-cols content-center-sm\"><div  class=\"col-xs-12 col-sm-6 col-md-4 \"> <div  class=\"card mdc-elevation--z3 row-card\"> <div  class=\"row\"> <div  class=\"col-xs-12 col-sm-fit icon-col\" data-fixed=\"true\"> <i  class=\"color1 icon mdi mdi-format-paint reverse round normal-size\"><\/i><\/div> <div  class=\"col-xs-12 col-sm\" data-type=\"column\"><h4  class=\"color-black\">PON\u00c7AGE<\/h4> <p  class=\"\">Pon\u00e7age, vitrification, huilage : tout ce qu\u2019il faut pour redonner un coup de neuf \u00e0 votre parquet<\/p><\/div> <\/div><\/div> <\/div><div  class=\"col-xs-12 col-sm-6 col-md-4 \"> <div  class=\"card mdc-elevation--z3 row-card\"><div  class=\"row\"> <div  class=\"col-xs-12 col-sm-fit icon-col\" data-fixed=\"true\"><i  class=\"color1 icon mdi mdi-currency-eth reverse round normal-size\"><\/i><\/div> <div  class=\"col-xs-12 col-sm\" data-type=\"column\"><h4  class=\"color-black\">POSE DE PARQUET<\/h4> <p  class=\"\">Parquet flottant, clou\u00e9 ou coll\u00e9.&nbsp;\n<br >Coupe de pierre, \u00e0 l\u2019anglaise, battons rompus<\/p><\/div> <\/div><\/div> <\/div> <div  class=\"col-xs-12 col-sm-6 col-md-4 \"> <div  class=\"card mdc-elevation--z3 row-card\"> <div  class=\"row\"> <div  class=\"col-xs-12 col-sm-fit icon-col\" data-fixed=\"true\"> <i  class=\"color1 icon mdi mdi-home-heart reverse round normal-size\"><\/i><\/div> <div  class=\"col-xs-12 col-sm\" data-type=\"column\"><h4  class=\"color-black\">RESTAURATION<\/h4> <p  class=\"\">Restauration de vos anciens parquets, r\u00e9parations de lames us\u00e9es<\/p><\/div> <\/div><\/div> <\/div> <\/div> <\/div><\/div><div  id=\"about-6\" style=\"background-color: #f5fafd;\" data-label=\"About\" data-id=\"about-4\" data-export-id=\"about-4\" data-category=\"about\" class=\"about-4 content-section content-section-spacing-large\"><div  class=\"gridContainer\"> <div  class=\"row middle-sm text-center\"><div  class=\"col-sm-5 space-bottom-xs\" data-type=\"column\"> <h5  class=\"\">Pose de parquet \u00e0 Lyon<\/h5> <h2  class=\"\">Kalipose Pro<br > <span  style=\"font-family: Playfair Display,sans-serif; font-weight: 700; font-style: italic;\" href=\"#\">Une exp\u00e9rience, un savoir-faire\n<\/span>Pour la pose ou la r\u00e9novation de parquet<\/h2> <p  class=\"\">Fort de 24 ans d\u2019exp\u00e9rience, nous posons du parquet et nous le posons bien. Nous saurons vous conseiller et relever les nombreux d\u00e9fis techniques pos\u00e9s par votre projet pour vous proposer une prestation qui r\u00e9pond \u00e0 vos besoins.<\/p> <a class=\"button big color1 mdc-ripple-upgraded\" href=\"https:\/\/www.instagram.com\/kaliposepro\" target=\"_blank\" data-cp-link=\"1\" rel=\"noopener\">Nos r\u00e9alisations<\/a><\/div> <div  class=\"col-sm-7 flexbox center-xs middle-xs image-group-2-img padding-top-bottom\"> <img  class=\"img-1 rounded mdc-elevation--z10\" data-size=\"250x200\" src=\"http:\/\/kalipose.com\/wp-content\/uploads\/2021\/04\/cropped-IMG_1591-scaled-1.jpg\"> <img  class=\"img-2 rounded mdc-elevation--z10\" data-size=\"220x170\" src=\"http:\/\/kalipose.com\/wp-content\/uploads\/2021\/04\/cropped-Capture-de\u0301cran-2021-04-11-a\u0300-08.37.31.png\"><\/div> <\/div><\/div> <\/div><div  id=\"content-24\" style=\"background-color: #f5fafd;\" data-label=\"Content\" data-id=\"content-7-materialis\" data-export-id=\"content-7-materialis\" data-category=\"content\" class=\"content-7m content-section-spacing-large content-section\"><div  class=\"gridContainer\"> <div  class=\"row middle-sm\"><div  class=\"col-md-6 col-xs-12 col-sm-6 col-padding-small-xs\"> <img  class=\"mdc-elevation--z13 img-rounded\" src=\"http:\/\/kalipose.com\/wp-content\/uploads\/2021\/12\/cropped-Capture-de\u0301cran-2021-12-02-a\u0300-21.58.42.png\"><\/div> <div  class=\"col-md-5 col-md-offset-1 col-xs-12 col-sm-6 content-left-sm col-padding-small-xs\" data-type=\"column\"> <h3  class=\"space-bottom\">Notre m\u00e9tier : la pose de parquet<\/h3> <p  class=\"space-top\">Chez Kalipo pro, nous posons le parquet et nous le posons bien.\n<br >Sp\u00e9cialis\u00e9 dans tout type de pose de parquet : flottant, coll\u00e9, clou\u00e9<\/p> <a href=\"https:\/\/www.instagram.com\/kaliposepro\" class=\"button read-more link color1 space-top negative-margin mdc-ripple-upgraded\" target=\"_blank\" data-cp-link=\"1\" rel=\"noopener\">Diff\u00e9rents types de pose<i  class=\"mdi mdi-arrow-right-thick read-more-icon\"><\/i><\/a><\/div> <\/div><\/div> <\/div><div  id=\"content-25\" style=\"background-color: #ffffff;\" data-label=\"Content\" data-id=\"content-8-materialis\" data-export-id=\"content-8-materialis\" data-category=\"content\" class=\"content-8m content-section-spacing-large content-section\"><div  class=\"gridContainer\"> <div  class=\"row middle-sm\"><div  class=\"col-md-5 col-xs-12 col-sm-6 space-bottom-xs\" data-type=\"column\">  <h3  class=\"\">Le parquet comme vous l&#8217;aimez<\/h3> <p  class=\"space-top\">Nous artisans avons l&#8217;amour du m\u00e9tier et des choses bien faites. Nous saurons vous proposer tout type de d\u00e9coration pour approcher au plus ce que vous aimez : pose droite, \u00e0 l&#8217;anglaise, joints perdu, coupe de pierre, batons rompus, point d&#8217;hongrie&#8230;<\/p> <a href=\"https:\/\/www.instagram.com\/kaliposepro\" class=\"button read-more link color1 space-top negative-margin mdc-ripple-upgraded\" target=\"_self\" data-cp-link=\"1\" rel=\"noopener\">Les diff\u00e9rentes d\u00e9cos<i  class=\"mdi mdi-arrow-right-thick read-more-icon\"><\/i><\/a> <\/div> <div  class=\"col-md-6 col-md-offset-1 col-xs-12 col-sm-6\"> <img  class=\"mdc-elevation--z9 rounded\" src=\"http:\/\/kalipose.com\/wp-content\/uploads\/2021\/12\/cropped-Capture-de\u0301cran-2021-12-02-a\u0300-21.59.06.png\"><\/div> <\/div><\/div> <\/div><div data-label=\"About\" data-id=\"about--1\" data-export-id=\"about-9\" data-category=\"about\" class=\"about-9 content-section content-section-spacing-large\" id=\"about-7\"  style=\"background-color: rgb(255, 255, 255);\"><div class=\"gridContainer\" > <div class=\"row middle-sm text-center\" ><div class=\"col-sm-5 space-bottom-xs content-column content-right-sm\" data-type=\"column\" >  <h2 class=\"\" ><span href=\"#\" >Kalipose Pro\n<br >\n<\/span><span style=\"font-family: Playfair Display,sans-serif; font-weight: 700; font-style: italic;\" href=\"#\" >Un choix \u00e9clair\u00e9<\/span> \n<br >qui vous fait avancer<\/h2> <p class=\"\" >Poser le parquet est la derni\u00e8re \u00e9tape de votre projet. Avant cela il y a l&#8217;\u00e9tude, la prise en compte de l&#8217;environnement, nos conseils, puis enfin votre choix. C&#8217;est ensuite seulement que la r\u00e9alisation prend forme et que vos souhaits se concr\u00e9tisent.<\/p> <\/div> <div class=\"col-sm-7 flexbox flexbox middle-xs center-xs\" ><div class=\"overlay-box flexbox middle-xs center-xs overlay-holder \" > <div class=\"overlay-box-offset offset-background mdc-elevation--z5 bg-color2 hide-xs border-radius-8\" ><\/div> <img class=\"flexbox mdc-elevation--z10 img1 rounded\" src=\"http:\/\/kalipose.com\/wp-content\/uploads\/2021\/12\/cropped-Capture-de\u0301cran-2021-12-02-a\u0300-22.01.33.png\" ><\/div> <\/div><\/div> <\/div><\/div><!-- CloudPress Companion Preview Data START --><div  id=\"testimonials-2\" style=\"background-color: #ffffff;\" data-label=\"Testimonials\" data-id=\"testimonials-1-materialis\" data-export-id=\"testimonials-1-materialis\" data-category=\"testimonials\" class=\"testimonials-1m content-section content-section-spacing\"><div  class=\"gridContainer\"> <div  class=\"row space-bottom-small\"><div  data-type=\"column\" class=\"section-title-col\"> <h2  class=\"\">T\u00e9moignages clients<\/h2> <p  class=\"lead\">(Oui ce sont des vrais \ud83d\ude09 )<\/p><\/div> <\/div> <div  class=\"row spaced-cols content-left-sm\" data-type=\"row\"> <div  class=\"col-xs-12 col-sm-4 col-md-4\"> <div  class=\"card mdc-elevation--z3 small-padding no-border\"> <div  class=\"row space-bottom-small\"> <div  class=\"testimonial-body col-xs-12\" data-type=\"column\"> <p  class=\"\">J&#8217;ai \u00e9t\u00e9 s\u00e9duit \u00e0 la fois par le travail tr\u00e8s soign\u00e9 de Khelifa, de grande qualit\u00e9 et aussi par l&#8217;envie de bien faire qui se d\u00e9gage partout. Cela se ressent d\u00e8s le d\u00e9part par son l&#8217;\u00e9coute du client, le respect de la parole donn\u00e9e et jusqu&#8217;\u00e0 sa satisfaction totale. On peut vraiment lui faire confiance. Je le recommande vivement.<\/p><\/div> <\/div> <div  class=\"row middle-xs f-align\"> <div  class=\"col-xs-fit col-sm-12 col-md-fit space-bottom-image\" data-fixed=\"true\"> <img  data-fixed-elevation=\"true\" class=\"round image-70 mdc-elevation--z3\" src=\"http:\/\/kalipose.com\/wp-content\/uploads\/2021\/12\/cropped-cropped-cropped-avatar.png\"><\/div> <div  class=\"col-xs-fit col-sm-12 col-md-fit info no-padding-left\" data-type=\"column\"><h6  class=\"font-700\">Bruno Michel<\/h6> <\/div> <\/div><\/div> <\/div> <div  class=\"col-xs-12 col-sm-4 col-md-4\"> <div  class=\"card mdc-elevation--z3 small-padding no-border\"> <div  class=\"row space-bottom-small\"> <div  class=\"testimonial-body col-xs-12\" data-type=\"column\"> <p  class=\"\">Ravis de la pose de notre parquet, je viens partager notre tr\u00e8s bonne experience avec ce professionnel consciencieux et tr\u00e8s \u00e0 l&#8217;\u00e9coute. Si vous cherchez un artisan de confiance, adressez vous \u00e0 Kalipose et confiez lui votre projet !<\/p><\/div> <\/div> <div  class=\"row middle-xs f-align\"> <div  class=\"col-xs-fit col-sm-12 col-md-fit space-bottom-image\" data-fixed=\"true\"> <img  data-fixed-elevation=\"true\" class=\"round image-70 mdc-elevation--z3\" src=\"http:\/\/kalipose.com\/wp-content\/uploads\/2021\/12\/cropped-avatar2.png\"><\/div> <div  class=\"col-xs-fit col-sm-12 col-md-fit info no-padding-left\" data-type=\"column\"><h6  class=\"font-700\">Julie Simon<\/h6> <\/div> <\/div><\/div> <\/div> <div  class=\"col-xs-12 col-sm-4 col-md-4\"> <div  class=\"card mdc-elevation--z3 small-padding no-border\"> <div  class=\"row space-bottom-small\"> <div  class=\"testimonial-body col-xs-12\" data-type=\"column\"> <p  class=\"\">Excellent artisan pour mon parquet, que \u00e7a soit pour le pon\u00e7age et vitrification que pour la pose d&#8217;un stratifi\u00e9. Resultats magnifiques! A l&#8217;\u00e9coute , et de bons conseils. Merci beaucoup !<\/p><\/div> <\/div> <div  class=\"row middle-xs f-align\"> <div  class=\"col-xs-fit col-sm-12 col-md-fit space-bottom-image\" data-fixed=\"true\"> <img  data-fixed-elevation=\"true\" class=\"round image-70 mdc-elevation--z3\" src=\"http:\/\/kalipose.com\/wp-content\/uploads\/2021\/12\/cropped-cropped-avatar2.png\"><\/div> <div  class=\"col-xs-fit col-sm-12 col-md-fit info no-padding-left\" data-type=\"column\"><h6  class=\"font-700\">C\u00e9cile Quinio<\/h6> <\/div> <\/div><\/div> <\/div><\/div> <\/div><\/div><div  id=\"cta-1\" style=\"background-color: #f5fafd;\" data-label=\"Cta\" data-id=\"cta-1-materialis\" data-export-id=\"cta-1-materialis\" data-category=\"cta\" class=\"content-relative content-section content-section-spacing-large cta-1-materialis section-title-col-white-text\" data-section-ov=\"1\" data-parallax-depth=\"20\"><div  class=\"\"> <div  class=\"row text-center col-sm-padding-medium\"><div  class=\"col-md-6 col-md-offset-3 col-xs-10 col-xs-offset-1 card mdc-elevation--z3 box-padding-lr-small\"> <div  data-type=\"column\" class=\"\"><h2  class=\"\">Une question ? Un devis ?<\/h2> <p  class=\"\">Envoyez-nous un email ou appelez nous !&nbsp;\n<br >\nNous sommes \u00e0 votre disposition pour vous conseiller et vous guider du premier contact jusqu\u2019\u00e0 livraison de votre parquet pos\u00e9 ou r\u00e9nov\u00e9.<\/p> <a class=\"button big color1 mdc-elevation--z1 mdc-ripple-upgraded\" href=\"mailto:contact@kalipose.com\" target=\"_self\" data-cp-link=\"1\" rel=\"noopener\">contact@kalipose.com<\/a><\/div> <\/div><\/div> <\/div><\/div>","protected":false},"excerpt":{"rendered":"","protected":false},"author":1,"featured_media":0,"parent":0,"menu_order":0,"comment_status":"closed","ping_status":"closed","template":"page-templates\/homepage.php","meta":[],"_links":{"self":[{"href":"https:\/\/kalipose.com\/index.php\/wp-json\/wp\/v2\/pages\/31"}],"collection":[{"href":"https:\/\/kalipose.com\/index.php\/wp-json\/wp\/v2\/pages"}],"about":[{"href":"https:\/\/kalipose.com\/index.php\/wp-json\/wp\/v2\/types\/page"}],"author":[{"embeddable":true,"href":"https:\/\/kalipose.com\/index.php\/wp-json\/wp\/v2\/users\/1"}],"replies":[{"embeddable":true,"href":"https:\/\/kalipose.com\/index.php\/wp-json\/wp\/v2\/comments?post=31"}],"version-history":[{"count":32,"href":"https:\/\/kalipose.com\/index.php\/wp-json\/wp\/v2\/pages\/31\/revisions"}],"predecessor-version":[{"id":161,"href":"https:\/\/kalipose.com\/index.php\/wp-json\/wp\/v2\/pages\/31\/revisions\/161"}],"wp:attachment":[{"href":"https:\/\/kalipose.com\/index.php\/wp-json\/wp\/v2\/media?parent=31"}],"curies":[{"name":"wp","href":"https:\/\/api.w.org\/{rel}","templated":true}]}}